{"id":11,"date":"2012-01-03T12:40:57","date_gmt":"2012-01-03T12:40:57","guid":{"rendered":"http:\/\/dev.polbodasrias.com\/?page_id=11"},"modified":"2012-01-20T09:58:25","modified_gmt":"2012-01-20T09:58:25","slug":"confraria-de-bueu","status":"publish","type":"page","link":"https:\/\/polbodasrias.com\/es\/confraria-de-bueu\/","title":{"rendered":"Cofrad\u00eda Bueu"},"content":{"rendered":"<p><\/p>\n<h1>La cofrad\u00eda de pescadores \u00abSan Marti\u00f1o\u00bb de Bueu<\/h1>\n<p>La cofrad\u00eda de pescadores \u00abSan Marti\u00f1o\u00bb de Bueu es una corporaci\u00f3n de derecho p\u00fablico, sin \u00e1nimo de lucro, que act\u00faa como \u00f3rgano de consulta y colaboraci\u00f3n con la administraci\u00f3n en la promoci\u00f3n del sector pesquero, por lo que le corresponde orientar a todos los sus miembros sobre las acciones derivadas de la aplicaci\u00f3n de la normativa relacionada con el sector pesquero (ayudas, subvenciones, cursos, programas de la administraci\u00f3n, normativa social, etc.). Del mismo modo representa a los intereses econ\u00f3micos y corporativos de los profesionales del sector.<\/p>\n<p>Como entidad est\u00e1 afiliada a la Federaci\u00f3n provincial y nacional de Cofrad\u00edas de Pescadores. Tiene representaci\u00f3n en el pleno del Consejo Gallego de Pesca en la comisi\u00f3n de artes menores.<\/p>\n<p>Su \u00e1mbito territorial abarca desde Punta Lapam\u00e1n hasta Punta Murci\u00e9lagos.<\/p>\n<p>Los principales caladeros de pesca se sit\u00faan en el entorno de las Islas Atl\u00e1nticas.<\/p>\n<p>La cofrad\u00eda de Bueu tiene una masa social de 250 afiliados, de los cuales 119 son armadores.<\/p>","protected":false},"excerpt":{"rendered":"<p>La cofrad\u00eda de pescadores \u00abSan Marti\u00f1o\u00bb de Bueu La cofrad\u00eda de pescadores \u00abSan Marti\u00f1o\u00bb de Bueu es una corporaci\u00f3n de derecho p\u00fablico, sin \u00e1nimo de lucro, que act\u00faa como \u00f3rgano de consulta y colaboraci\u00f3n con la administraci\u00f3n en la promoci\u00f3n del sector pesquero, por lo que le corresponde orientar a todos los sus miembros sobre [&hellip;]<\/p>\n","protected":false},"author":1,"featured_media":0,"parent":0,"menu_order":0,"comment_status":"open","ping_status":"open","template":"","meta":{"footnotes":""},"class_list":["post-11","page","type-page","status-publish","hentry"],"_links":{"self":[{"href":"https:\/\/polbodasrias.com\/es\/wp-json\/wp\/v2\/pages\/11","targetHints":{"allow":["GET"]}}],"collection":[{"href":"https:\/\/polbodasrias.com\/es\/wp-json\/wp\/v2\/pages"}],"about":[{"href":"https:\/\/polbodasrias.com\/es\/wp-json\/wp\/v2\/types\/page"}],"author":[{"embeddable":true,"href":"https:\/\/polbodasrias.com\/es\/wp-json\/wp\/v2\/users\/1"}],"replies":[{"embeddable":true,"href":"https:\/\/polbodasrias.com\/es\/wp-json\/wp\/v2\/comments?post=11"}],"version-history":[{"count":11,"href":"https:\/\/polbodasrias.com\/es\/wp-json\/wp\/v2\/pages\/11\/revisions"}],"predecessor-version":[{"id":171,"href":"https:\/\/polbodasrias.com\/es\/wp-json\/wp\/v2\/pages\/11\/revisions\/171"}],"wp:attachment":[{"href":"https:\/\/polbodasrias.com\/es\/wp-json\/wp\/v2\/media?parent=11"}],"curies":[{"name":"wp","href":"https:\/\/api.w.org\/{rel}","templated":true}]}}