{"id":13,"date":"2012-01-03T12:41:47","date_gmt":"2012-01-03T12:41:47","guid":{"rendered":"http:\/\/dev.polbodasrias.com\/?page_id=13"},"modified":"2012-02-24T10:35:35","modified_gmt":"2012-02-24T10:35:35","slug":"contacto","status":"publish","type":"page","link":"https:\/\/polbodasrias.com\/es\/contacto\/","title":{"rendered":"Contacto"},"content":{"rendered":"<p><\/p>\n<div style=\"float: left;\">\n<h1>Contacto<\/h1>\n<p>Puede contactar con nosotros a trav\u00e9s de:<\/p>\n<ul>\n<li>Tel\u00e9fono: +34 986320253<\/li>\n<li>Fax: +34 \u00a0986320679<\/li>\n<li>Correo electr\u00f3nico:\u00a0<a href=\"mailto:info@cofradiabueu.org\" target=\"_blank\">info(a)cofradiabueu.org<\/a><\/li>\n<\/ul>\n<h1>Situaci\u00f3n<\/h1>\n<p>Puede encontrarnos en la siguiente direcci\u00f3n:<\/p>\n<p>Avenida Montero R\u00edos, S\/N<br \/>\nEdificio de la Lonja<br \/>\n36930 Bueu<br \/>\nPontevedra<\/p>\n<\/div>\n<div style=\"float: right;\"><iframe loading=\"lazy\" src=\"http:\/\/maps.google.es\/maps?f=q&amp;hl=es&amp;geocode=&amp;q=montero+rios+bueu&amp;sll=40.396764,-3.713379&amp;sspn=11.088314,20.566406&amp;ie=UTF8&amp;om=1&amp;s=AARTsJo00epyzZo4cL5DPQoGUs7iAy5pCw&amp;view=map&amp;hq=&amp;hnear=Avenida+de+Montero+R%C3%ADos,+Bueu&amp;t=m&amp;vpsrc=0&amp;source=embed&amp;z=10&amp;iwloc=A&amp;ll=42.327078,-8.784943&amp;output=embed\" frameborder=\"0\" marginwidth=\"0\" marginheight=\"0\" scrolling=\"no\" width=\"425\" height=\"350\"><\/iframe><br \/>\n<small><a style=\"color: #0000ff; text-align: left;\" href=\"http:\/\/maps.google.es\/maps?f=q&amp;hl=es&amp;geocode=&amp;q=montero+rios+bueu&amp;sll=40.396764,-3.713379&amp;sspn=11.088314,20.566406&amp;ie=UTF8&amp;om=1&amp;s=AARTsJo00epyzZo4cL5DPQoGUs7iAy5pCw&amp;view=map&amp;hq=&amp;hnear=Avenida+de+Montero+R%C3%ADos,+Bueu&amp;t=m&amp;vpsrc=0&amp;source=embed&amp;z=10&amp;iwloc=A&amp;ll=42.327078,-8.784943\">Ver mapa m\u00e1s grande <\/a><\/small><\/div>\n<p><span style=\"font-size: small;\"><span style=\"line-height: normal;\"><br \/>\n<\/span><\/span><\/p>","protected":false},"excerpt":{"rendered":"<p>Contacto Puede contactar con nosotros a trav\u00e9s de: Tel\u00e9fono: +34 986320253 Fax: +34 \u00a0986320679 Correo electr\u00f3nico:\u00a0info(a)cofradiabueu.org Situaci\u00f3n Puede encontrarnos en la siguiente direcci\u00f3n: Avenida Montero R\u00edos, S\/N Edificio de la Lonja 36930 Bueu Pontevedra Ver mapa m\u00e1s grande<\/p>\n","protected":false},"author":1,"featured_media":0,"parent":0,"menu_order":0,"comment_status":"open","ping_status":"open","template":"","meta":{"footnotes":""},"class_list":["post-13","page","type-page","status-publish","hentry"],"_links":{"self":[{"href":"https:\/\/polbodasrias.com\/es\/wp-json\/wp\/v2\/pages\/13","targetHints":{"allow":["GET"]}}],"collection":[{"href":"https:\/\/polbodasrias.com\/es\/wp-json\/wp\/v2\/pages"}],"about":[{"href":"https:\/\/polbodasrias.com\/es\/wp-json\/wp\/v2\/types\/page"}],"author":[{"embeddable":true,"href":"https:\/\/polbodasrias.com\/es\/wp-json\/wp\/v2\/users\/1"}],"replies":[{"embeddable":true,"href":"https:\/\/polbodasrias.com\/es\/wp-json\/wp\/v2\/comments?post=13"}],"version-history":[{"count":22,"href":"https:\/\/polbodasrias.com\/es\/wp-json\/wp\/v2\/pages\/13\/revisions"}],"predecessor-version":[{"id":192,"href":"https:\/\/polbodasrias.com\/es\/wp-json\/wp\/v2\/pages\/13\/revisions\/192"}],"wp:attachment":[{"href":"https:\/\/polbodasrias.com\/es\/wp-json\/wp\/v2\/media?parent=13"}],"curies":[{"name":"wp","href":"https:\/\/api.w.org\/{rel}","templated":true}]}}