{"id":19,"date":"2012-01-03T17:25:29","date_gmt":"2012-01-03T17:25:29","guid":{"rendered":"http:\/\/dev.polbodasrias.com\/?page_id=19"},"modified":"2015-08-03T08:09:40","modified_gmt":"2015-08-03T08:09:40","slug":"onde-mercar","status":"publish","type":"page","link":"https:\/\/polbodasrias.com\/es\/onde-mercar\/","title":{"rendered":"\u00bfD\u00f3nde comprar?"},"content":{"rendered":"<p>&nbsp;<\/p>\n<h1>Donde puede comprar Polbo das R\u00edas (pulpo de pesca artesanal de las R\u00edas Gallegas).<\/h1>\n<p align=\"justify\">Puede comprar Polbo das R\u00edas en los siguientes establecimientos. Recuerde <span style=\"text-decoration: underline;\">exigir siempre la etiqueta individual de trazabilidad<\/span> (Polbo das R\u00edas se marca individualmente) o el distintivo de establecimiento adscrito en el caso de Restaurantes<\/p>\n<h3 align=\"justify\">Pescader\u00edas<\/h3>\n<ol>\n<li>Praza de Abasto de Bueu (m\u00e1is de 10 postos)<\/li>\n<li>Pescados Tato (A Estrada)<\/li>\n<\/ol>\n<h3 align=\"justify\">Pescader\u00eda online<\/h3>\n<ol>\n<li><a title=\"Comprar mariscos y pescado gallego online\" href=\"http:\/\/frescoydelmar.com\/\" target=\"_blank\">Fresco y del Mar<\/a><\/li>\n<li><a title=\"Tienda online de pescado y marisco\" href=\"http:\/\/www.elmejorpescado.net\" target=\"_blank\">El Mejor Pescado &#8211; La Lonja de Fresco<\/a><\/li>\n<\/ol>\n<h3>Distribuidores<\/h3>\n<ol>\n<li>Supermercados Froiz<\/li>\n<li>Supermercados Gadis<\/li>\n<\/ol>\n<h3 align=\"justify\">Restaurantes<\/h3>\n<ol>\n<li>Restaurante Santiso (Santiago de Compostela)<\/li>\n<li>Restaurante O Remo (Poio)<\/li>\n<li>Restaurante Esteban (Mos)<\/li>\n<li>Restaurante A Parada (Arcade)<\/li>\n<\/ol>\n<h3 align=\"justify\">Empresas Congelados<\/h3>\n<ol>\n<li>Hermanos Portela<\/li>\n<li>Cribeiro<\/li>\n<li>Rosa de los Vientos<\/li>\n<li>Gallego Pereira<\/li>\n<li>Congelados Salgado<\/li>\n<li>Congelados O Campo<\/li>\n<li>GaliciaMar<\/li>\n<\/ol>\n<p>&nbsp;<\/p>\n<p><\/p>","protected":false},"excerpt":{"rendered":"<p>&nbsp; Donde puede comprar Polbo das R\u00edas (pulpo de pesca artesanal de las R\u00edas Gallegas). Puede comprar Polbo das R\u00edas en los siguientes establecimientos. Recuerde exigir siempre la etiqueta individual de trazabilidad (Polbo das R\u00edas se marca individualmente) o el distintivo de establecimiento adscrito en el caso de Restaurantes Pescader\u00edas Praza de Abasto de Bueu [&hellip;]<\/p>\n","protected":false},"author":1,"featured_media":0,"parent":0,"menu_order":0,"comment_status":"open","ping_status":"open","template":"","meta":{"footnotes":""},"class_list":["post-19","page","type-page","status-publish","hentry"],"_links":{"self":[{"href":"https:\/\/polbodasrias.com\/es\/wp-json\/wp\/v2\/pages\/19","targetHints":{"allow":["GET"]}}],"collection":[{"href":"https:\/\/polbodasrias.com\/es\/wp-json\/wp\/v2\/pages"}],"about":[{"href":"https:\/\/polbodasrias.com\/es\/wp-json\/wp\/v2\/types\/page"}],"author":[{"embeddable":true,"href":"https:\/\/polbodasrias.com\/es\/wp-json\/wp\/v2\/users\/1"}],"replies":[{"embeddable":true,"href":"https:\/\/polbodasrias.com\/es\/wp-json\/wp\/v2\/comments?post=19"}],"version-history":[{"count":18,"href":"https:\/\/polbodasrias.com\/es\/wp-json\/wp\/v2\/pages\/19\/revisions"}],"predecessor-version":[{"id":245,"href":"https:\/\/polbodasrias.com\/es\/wp-json\/wp\/v2\/pages\/19\/revisions\/245"}],"wp:attachment":[{"href":"https:\/\/polbodasrias.com\/es\/wp-json\/wp\/v2\/media?parent=19"}],"curies":[{"name":"wp","href":"https:\/\/api.w.org\/{rel}","templated":true}]}}