{"id":246,"date":"2016-12-28T17:56:23","date_gmt":"2016-12-28T17:56:23","guid":{"rendered":"http:\/\/polbodasrias.com\/?page_id=246"},"modified":"2016-12-28T18:03:06","modified_gmt":"2016-12-28T18:03:06","slug":"proxectos","status":"publish","type":"page","link":"https:\/\/polbodasrias.com\/es\/proxectos\/","title":{"rendered":"Proyectos"},"content":{"rendered":"<p><strong>Proxecto: VARAMAR<\/strong><\/p>\n<p><strong>Importe Axuda:<\/strong> 47.695,37 \u20ac<\/p>\n<p><strong>Obxectivo:<\/strong> Contribu\u00edr \u00e1 mellora de servizos para a cohesi\u00f3n social e territorial e o benestar de diferentes colectivos vinculados a actividades no mar.<\/p>\n<p><strong>Financiadores:<\/strong> Proxecto aprobado mediante a convocatoria do ano 2016 dos Grupos de Acci\u00f3n Local do Sector Pesqueiro e financiado por:<\/p>\n<p><a href=\"http:\/\/polbodasrias.com\/wp-content\/uploads\/2016\/12\/LOGOS.jpg\"><img loading=\"lazy\" decoding=\"async\" class=\"alignnone wp-image-247\" src=\"http:\/\/polbodasrias.com\/wp-content\/uploads\/2016\/12\/LOGOS-1024x103.jpg\" alt=\"\" width=\"577\" height=\"58\" srcset=\"https:\/\/polbodasrias.com\/wp-content\/uploads\/2016\/12\/LOGOS-1024x103.jpg 1024w, https:\/\/polbodasrias.com\/wp-content\/uploads\/2016\/12\/LOGOS-300x30.jpg 300w, https:\/\/polbodasrias.com\/wp-content\/uploads\/2016\/12\/LOGOS-768x77.jpg 768w, https:\/\/polbodasrias.com\/wp-content\/uploads\/2016\/12\/LOGOS.jpg 1127w\" sizes=\"auto, (max-width: 577px) 100vw, 577px\" \/><\/a><\/p>\n<p><strong>Servizo:<\/strong> O proxecto permite a diferentes colectivos vinculados \u00e1 pesca, acuicultura e a actividades deportivas poder contar con instalaci\u00f3ns con servizos de electricidade e auga no varadoiro do porto de Bueu, o que se traduce nunha menor dependencia de horarios no uso do varadoiro e unha maior conciliaci\u00f3n entre as actividades e a vida privada. O proxecto incide en todo o territorio GALP da R\u00eda de Pontevedra e incluso en calquera embarcaci\u00f3n que poida necesitar dos servizos sinalados, favorecendo a cohesi\u00f3n territorial de Bueu. O proxecto permite atender as necesidades do turismo n\u00e1utico en xeral ofertando un servizo que mellora a realizaci\u00f3n das actividades n\u00e1uticas e as conectan coa pesca.<\/p>\n<p><strong>Informaci\u00f3n ao usuario:\u00a0<\/strong><a href=\"http:\/\/polbodasrias.com\/wp-content\/uploads\/2016\/12\/Diptico-explicativo.pdf\">Diptico explicativo<\/a><\/p>\n<hr \/>\n<p><strong>PROXECTO Caracterizaci\u00f3n de descartes na pesca artesanal da R\u00eda de Pontevedra<\/strong><\/p>\n<p><strong>Proxecto:<\/strong> DESCARPESC<\/p>\n<p><strong>Importe Axuda:<\/strong> 49.248.24 \u20ac<\/p>\n<p><strong>Obxectivo:<\/strong> Estudo dos descartes xerados nas actividades de pesca da frota artesanal do porto de Bueu.<\/p>\n<p><strong>Actuaci\u00f3n:<\/strong> O proxecto Caracterizaci\u00f3n de descartes na pesca artesanal da R\u00eda de Pontevedra (DescarPesc) vai consistir no estudio dos descartes pesqueiros producidos pola frota artesanal na r\u00eda de Pontevedra, que realiza as s\u00faas actividades de pesca en augas costeiras de Galicia e ten como finalidade valorar repercusi\u00f3n ecol\u00f3xica e socioecon\u00f3mica que o obxectivo de cero descarte recollido na Pol\u00edtica Pesqueira Com\u00fan ten neste sector.<\/p>\n<p>A nova Pol\u00edtica Pesqueira Com\u00fan entrou en vigor no ano 2014 velando pola sustentabilidade a longo prazo das actividades da pesca e a acuicultura dende os puntos de vista medioambiental, econ\u00f3mico e social. Neste novo contexto o estudio dos descartes pesqueiros conv\u00e9rtese nun tema de especial relevancia, xa que nesta nova regulamentaci\u00f3n introd\u00facese a prohibici\u00f3n gradual de descarte e a obrigatoriedade de desembarque das especies capturadas e reguladas.<\/p>\n<p>O estudios levarase a cabo nas augas onde se desenrolen as actividades de pesca dos buques artesanais. As singularidades desta pesca artesanal radican en que est\u00e1 exercida por embarcaci\u00f3ns de menos de 12 metros de eslora e que traballan na proximidade da costa (dentro das 10 millas), o que lles permite abastecer diariamente\u00a0 os mercados locais de peixes e mariscos, xa que son comercializados en menos de 24 horas dende a captura.<\/p>\n<p>O proxecto estudiar\u00e1 o caso concreto da r\u00eda de Pontevedra, no que a pesca artesanal adquire unha gran relevancia xa que sup\u00f3n un dos principais motores da econom\u00eda de das poboaci\u00f3ns costeiras. A contribuci\u00f3n da pesca a pequena escala sobre o comarca non \u00e9 so econ\u00f3mica sen\u00f3n que tam\u00e9n contrib\u00fae a creaci\u00f3n de cultura, a dinamizaci\u00f3n da zona, xa que favorece outras actividades como o turismo, e\u00a0 a fixaci\u00f3n da poboaci\u00f3n.<\/p>\n<p><strong>Financiadores:<\/strong> Proxecto aprobado mediante a convocatoria do ano 2016 dos Grupos de Acci\u00f3n Local do Sector Pesqueiro e financiado por<\/p>\n<p><a href=\"http:\/\/polbodasrias.com\/wp-content\/uploads\/2016\/12\/LOGOS.jpg\"><img loading=\"lazy\" decoding=\"async\" class=\"alignnone wp-image-247\" src=\"http:\/\/polbodasrias.com\/wp-content\/uploads\/2016\/12\/LOGOS-1024x103.jpg\" alt=\"\" width=\"577\" height=\"58\" srcset=\"https:\/\/polbodasrias.com\/wp-content\/uploads\/2016\/12\/LOGOS-1024x103.jpg 1024w, https:\/\/polbodasrias.com\/wp-content\/uploads\/2016\/12\/LOGOS-300x30.jpg 300w, https:\/\/polbodasrias.com\/wp-content\/uploads\/2016\/12\/LOGOS-768x77.jpg 768w, https:\/\/polbodasrias.com\/wp-content\/uploads\/2016\/12\/LOGOS.jpg 1127w\" sizes=\"auto, (max-width: 577px) 100vw, 577px\" \/><\/a><\/p>\n<hr \/>\n<p><strong>PROXECTO:\u00a0Automatizaci\u00f3n do proceso de subasta de produtos pesqueiros<\/strong><\/p>\n<p><strong>Proxecto:<\/strong> CINTAPESC<\/p>\n<p><strong>Importe Axuda:<\/strong> 95.135,00 \u20ac<\/p>\n<p><strong>Obxectivo:<\/strong> Automatizaci\u00f3n do proceso de subasta de produtos pesqueiros NA Lonxa de Bueu e integraci\u00f3n con plataformas de comercializaci\u00f3n en internet.<\/p>\n<p><strong>Actuaci\u00f3n:<\/strong> Automatizaci\u00f3n do proceso de subasta de produtos pesqueiros NA Lonxa de Bueu e integraci\u00f3n con plataformas de comercializaci\u00f3n en internet.<\/p>\n<p><strong>Financiadores:<\/strong> Proxecto aprobado mediante a convocatoria do ano 2016 dos Grupos de Acci\u00f3n Local do Sector Pesqueiro e financiado por:<\/p>\n<p><a href=\"http:\/\/polbodasrias.com\/wp-content\/uploads\/2016\/12\/LOGOS.jpg\"><img loading=\"lazy\" decoding=\"async\" class=\"alignnone wp-image-247\" src=\"http:\/\/polbodasrias.com\/wp-content\/uploads\/2016\/12\/LOGOS-1024x103.jpg\" alt=\"\" width=\"577\" height=\"58\" srcset=\"https:\/\/polbodasrias.com\/wp-content\/uploads\/2016\/12\/LOGOS-1024x103.jpg 1024w, https:\/\/polbodasrias.com\/wp-content\/uploads\/2016\/12\/LOGOS-300x30.jpg 300w, https:\/\/polbodasrias.com\/wp-content\/uploads\/2016\/12\/LOGOS-768x77.jpg 768w, https:\/\/polbodasrias.com\/wp-content\/uploads\/2016\/12\/LOGOS.jpg 1127w\" sizes=\"auto, (max-width: 577px) 100vw, 577px\" \/><\/a><\/p>\n","protected":false},"excerpt":{"rendered":"<p>Proxecto: VARAMAR Importe Axuda: 47.695,37 \u20ac Obxectivo: Contribu\u00edr \u00e1 mellora de servizos para a cohesi\u00f3n social e territorial e o benestar de diferentes colectivos vinculados a actividades no mar. Financiadores: Proxecto aprobado mediante a convocatoria do ano 2016 dos Grupos de Acci\u00f3n Local do Sector Pesqueiro e financiado por: Servizo: O proxecto permite a diferentes [&hellip;]<\/p>\n","protected":false},"author":1,"featured_media":0,"parent":0,"menu_order":0,"comment_status":"closed","ping_status":"closed","template":"","meta":{"footnotes":""},"class_list":["post-246","page","type-page","status-publish","hentry"],"_links":{"self":[{"href":"https:\/\/polbodasrias.com\/es\/wp-json\/wp\/v2\/pages\/246","targetHints":{"allow":["GET"]}}],"collection":[{"href":"https:\/\/polbodasrias.com\/es\/wp-json\/wp\/v2\/pages"}],"about":[{"href":"https:\/\/polbodasrias.com\/es\/wp-json\/wp\/v2\/types\/page"}],"author":[{"embeddable":true,"href":"https:\/\/polbodasrias.com\/es\/wp-json\/wp\/v2\/users\/1"}],"replies":[{"embeddable":true,"href":"https:\/\/polbodasrias.com\/es\/wp-json\/wp\/v2\/comments?post=246"}],"version-history":[{"count":4,"href":"https:\/\/polbodasrias.com\/es\/wp-json\/wp\/v2\/pages\/246\/revisions"}],"predecessor-version":[{"id":253,"href":"https:\/\/polbodasrias.com\/es\/wp-json\/wp\/v2\/pages\/246\/revisions\/253"}],"wp:attachment":[{"href":"https:\/\/polbodasrias.com\/es\/wp-json\/wp\/v2\/media?parent=246"}],"curies":[{"name":"wp","href":"https:\/\/api.w.org\/{rel}","templated":true}]}}