{"id":89,"date":"2012-01-16T12:29:29","date_gmt":"2012-01-16T12:29:29","guid":{"rendered":"http:\/\/dev.polbodasrias.com\/?page_id=89"},"modified":"2012-01-20T10:53:38","modified_gmt":"2012-01-20T10:53:38","slug":"aviso-legal","status":"publish","type":"page","link":"https:\/\/polbodasrias.com\/es\/aviso-legal\/","title":{"rendered":"Aviso legal"},"content":{"rendered":"<p><\/p>\n<h1>CONDICIONES GENERALES DE USO<\/h1>\n<h2><strong>DATOS IDENTIFICATIVOS<\/strong><\/h2>\n<p>En cumplimiento con el deber de informaci\u00f3n recogido en el art\u00edculo 10 de la Ley 34\/2002, de 11 de julio, de Servicios de la Sociedad de la Informaci\u00f3n y del Comercio Electr\u00f3nico, a continuaci\u00f3n se reflejan los siguientes datos: la entidad titular de este \u201csitio web\u201d es la \u201cCofrad\u00eda de Pescadores San Marti\u00f1o de Bueu\u201d (en adelante, \u201cla Cofrad\u00eda\u201d), con domicilio en la Avenida Montero R\u00edos, S\/N, 36930, Bueu, Pontevedra, con n\u00famero de C.I.F: G36013712. Correo electr\u00f3nico de contacto\u00a0<a href=\"mailto:info@cofradiabueu.org\" target=\"_blank\">info@cofradiabueu.org<\/a><\/p>\n<h2><strong>POL\u00cdTICA DE PROTECCI\u00d3N DE DATOS<\/strong><\/h2>\n<p><strong><\/strong>En su calidad de USUARIO del sitio web\u00a0<a href=\"http:\/\/www.polbodasrias.com\" target=\"_blank\">www.polbodasrias.com<\/a>, la Cofrad\u00eda le informa de su pol\u00edtica de protecci\u00f3n de datos de car\u00e1cter personal para que libre y voluntariamente pueda decidir facilitar a la Cofrad\u00eda los datos personales que le podamos requerir para acceder a los distintos servicios y contenidos ofrecidos en nuestro Portal Web. Los datos de car\u00e1cter personal s\u00f3lo se recoger\u00e1n para su tratamiento cuando sean adecuados, pertinentes y no excesivos en relaci\u00f3n con el \u00e1mbito y las finalidades para las que se obtuvieron. Conforme al dispuesto en la Ley Org\u00e1nica 15\/1999, del 13 de diciembre, sobre Datos de Car\u00e1cter Personal (LOPD) le informamos:<\/p>\n<ol>\n<li>Identificaci\u00f3n de los administradores de la web.\u00a0\u201dConfrar\u00eda de Pescadores San Marti\u00f1o de Bueu\u201d, con domicilio en la\u00a0Avenida Montero R\u00edos, S\/N, 36930, Bueu, Pontevedra,\u00a0, con n\u00famero de C.I.F: G36013712\u00a0. Para ponerse en contacto con nosotros puede hacerlo a trav\u00e9s de los siguientes medios:<\/li>\n<ol>\n<li>Correo electr\u00f3nico:\u00a0<a href=\"mailto:info@cofradiabueu.org\" target=\"_blank\">info@cofradiabueu.org<\/a><\/li>\n<li>Tel\u00e9fono: +34\u00a0986320253.<\/li>\n<\/ol>\n<li>La informaci\u00f3n obtenida de los USUARIOS que visitan e interact\u00faan con el sitio web ser\u00e1 registrada en un fichero automatizado propiedad de la Cofrad\u00eda e inscrito en el Registro General de la Agencia Espa\u00f1ola de Protecci\u00f3n de Datos.<\/li>\n<li>De las visitas que recibimos a nuestra p\u00e1gina Web, nuestro servidor reconoce autom\u00e1ticamente: la direcci\u00f3n IP, fecha y hora de entrada y salida de la web y los ficheros que descarg\u00f3.<\/li>\n<li>La informaci\u00f3n que archivamos se reduce a aquellos datos que el remitente nos proporciona voluntariamente, as\u00ed como a aquellos que puedan desprenderse de su visita a la web.<\/li>\n<li>La informaci\u00f3n registrada la utilizamos con la finalidad de realizar una excelente gesti\u00f3n comercial para con nuestros clientes, as\u00ed como a la explotaci\u00f3n estad\u00edstica de los usos y zonas m\u00e1s visitadas de la Web.<\/li>\n<li>La cumplimentaci\u00f3n de los formularios, env\u00edo de correos electr\u00f3nicos o la utilizaci\u00f3n de otros mecanismos de comunicaci\u00f3n ofrecidos en el sitio web, implican el consentimiento expreso del USUARIO al tratamiento de sus Datos de Car\u00e1cter Personal por parte de la Cofrad\u00eda, con las finalidades expresadas en el punto anterior.<\/li>\n<li>Si no quiere recibir m\u00e1s correos electr\u00f3nicos de la Cofrad\u00eda, por favor h\u00e1ganoslo saber a trav\u00e9s de cualquiera de las v\u00edas descritas en el punto primero. Los USUARIOS podr\u00e1n ejercitar los derechos de acceso, rectificaci\u00f3n, cancelaci\u00f3n y oposici\u00f3n sobre sus datos en: Cofrad\u00eda de Pescadores San Marti\u00f1o de Bueu,\u00a0Avenida Montero R\u00edos, S\/N, 36930, Bueu, Pontevedra.<\/li>\n<li>La Cofrad\u00eda adopt\u00f3 los niveles de seguridad de protecci\u00f3n de datos legalmente requeridos e instal\u00f3 todos los medios y medidas al objeto de evitar su p\u00e9rdida, mal uso, alteraci\u00f3n y acceso no autorizado. No obstante, el USUARIO debe ser consciente de que las medidas de seguridad en Internet no son inexpugnables. Consecuentemente, la Cofrad\u00eda no garantiza que terceros no autorizados, actuando ileg\u00edtimamente, no puedan tener conocimiento de la clase, condiciones, caracter\u00edsticas y circunstancias del uso que los USUARIOS hagan de la Web, en cuyo caso la Cofrad\u00eda no se hace responsable.<\/li>\n<\/ol>\n<p><strong>USUARIOS<\/strong>: El acceso y\/o uso del presente sitio web de la Cofrad\u00eda atribuye la condici\u00f3n de USUARIO, que acepta, desde el dicho acceso y\/o uso, las Condiciones Generales de Uso aqu\u00ed reflejadas. Las citadas Condiciones ser\u00e1n de aplicaci\u00f3n independientemente de las Condiciones Generales de Contrataci\u00f3n que en su caso resulten de obligado cumplimiento.<\/p>\n<p><strong>USO DEL PORTAL<\/strong>: El presente sitio web corporativo proporciona el acceso a informaci\u00f3n (en adelante, \u201clos contenidos\u201d) en Internet perteneciente a la Cofrad\u00eda a los que el USUARIO puede tener acceso. El USUARIO asume la responsabilidad del uso del PORTAL. El USUARIO se compromete a hacer un uso adecuado de los contenidos y servicios que la Cofrad\u00eda ofrece a trav\u00e9s de su sitio web corporativo y con car\u00e1cter enunciativo pero no limitativo, a no emplearlos para (i) incurrir en actividades il\u00edcitas, ilegales o contrarias a la buena fe y al orden p\u00fablicao (ii) difundir contenidos o propaganda de car\u00e1cter racista, xen\u00f3fobo, pornogr\u00e1fico-ilegal, de apolog\u00eda del terrorismo o atentatorio contra los derechos humanos; (iii) provocar da\u00f1os en los sistemas f\u00edsicos y l\u00f3gicos de la Cofrad\u00eda, de sus proveedores o de terceras personas, introducir o difundir en la red virus inform\u00e1ticos o cualquiera otros sistemas f\u00edsicos o l\u00f3gicos que sean susceptibles de provocar los da\u00f1os anteriormente mencionados; (iv) intentar acceder y, en su caso, utilizar las cuentas de correo electr\u00f3nico de otros usuarios y modificar o manipular sus mensajes.<\/p>\n<p><strong>PROPIEDAD INTELECTUAL E INDUSTRIAL<\/strong>: la Cofrad\u00eda por si o como cesionaria, es titular de todos los derechos de propiedad intelectual e industrial de su sitio web corporativo, as\u00ed como de los elementos contenidos en \u00e9l (a t\u00edtulo enunciativo, im\u00e1genes, sonido, audio, v\u00eddeo, software o textos; marcas o logotipos, combinaciones de colores, estructura y dise\u00f1o, selecci\u00f3n de materiales usados, programas de ordenador necesarios para su funcionamiento, acceso y uso, etc\u2026), titularidad de la Cofrad\u00eda o bien de sus licenciantes. Todos los derechos reservados. En virtud del dispuesto en los art\u00edculos 8 y 32.1, p\u00e1rrafo segundo, de la Ley de Propiedad Intelectual, quedan expresamente prohibidas la reproducci\u00f3n, la distribuci\u00f3n y la comunicaci\u00f3n p\u00fablica, incluida su modalidad de puesta a disposici\u00f3n, de la totalidad o parte de los contenidos de esta p\u00e1gina web, con fines comerciales, en cualquier soporte y por cualquier medio t\u00e9cnico, sin la autorizaci\u00f3n de la Cofrad\u00eda. El USUARIO se compromete a respetar los derechos de Propiedad Intelectual e Industrial titularidad de la Cofrad\u00eda. Podr\u00e1 visualizar los elementos del sitio web corporativo e incluso imprimirlos, copiarlos y almacenarlos en el disco duro de su ordenador o en cualquier otro soporte f\u00edsico siempre y cuando sea, \u00fanica y exclusivamente, para su uso personal y personal. El USUARIO deber\u00e1 abstenerse de suprimir, alterar, eludir o manipular cualquier dispositivo de protecci\u00f3n o sistema de seguridad que estuviera instalado en las p\u00e1ginas de la Cofrad\u00eda.<\/p>\n<p><strong>EXCLUSI\u00d3N DE GARANT\u00cdAS Y RESPONSABILIDAD<\/strong>: la Cofrad\u00eda no se hace responsable, en ning\u00fan caso, de los da\u00f1os y perjuicios de cualquier naturaleza que pudieran ocasionar, a t\u00edtulo enunciativo: errores u omisiones en los contenidos, falta de disponibilidad del portal o la transmisi\u00f3n de virus o programas maliciosos o lesivos en los contenidos, a pesar de adoptar todas las medidas tecnol\u00f3gicas necesarias para evitarlo.<\/p>\n<p><strong>MODIFICACIONES<\/strong>: la Cofrad\u00eda se reserva el derecho de efectuar sin previo aviso las modificaciones que considere oportunas en su sitio web corporativo, pudiendo cambiar, suprimir o a\u00f1adir tanto los contenidos y servicios que se presten a trav\u00e9s de la misma como la forma en la que estos aparezcan presentados o localizados en su sitio web corporativo.<\/p>\n<p><strong>EMPLEO DE COOKIES<\/strong>: la Cofrad\u00eda podr\u00e1 utilizar cookies para personalizar y facilitar al m\u00e1ximo la navegaci\u00f3n del USUARIO por su sitio web corporativo. Las cookies se asocian \u00fanicamente a un USUARIO an\u00f3nimo y a su ordenador y no proporcionan referencias que permitan deducir datos personales del USUARIO. El USUARIO podr\u00e1 configurar su navegador para que notifique y rechace la instalaci\u00f3n de las cookies enviadas por la Cofrad\u00eda, sin que eso perjudique la posibilidad del USUARIO de acceder a los Contenidos.<\/p>\n<p><strong>ENLACES<\/strong>: En caso de que en el sitio web corporativo se dispusieran enlaces o hiperv\u00ednculos hac\u00eda otros sitios de Internet, la Cofrad\u00eda no ejercer\u00e1 ning\u00fan tipo de control sobre dichos sitios y contenidos. En ning\u00fan caso la Cofrad\u00eda asumir\u00e1 responsabilidad alguna por los contenidos de alg\u00fan enlace perteneciente a un sitio web ajeno, ni garantizar\u00e1 la disponibilidad t\u00e9cnica, calidad, fiabilidad, exactitud, amplitud, veracidad, validez y constitucionalidad de cualquiera material o informaci\u00f3n contenida en ninguno de dichos hiperv\u00ednculos u otros sitios de Internet. Igualmente la inclusi\u00f3n de estas conexiones externas no implicar\u00e1 ning\u00fan tipo de asociaci\u00f3n, fusi\u00f3n o participaci\u00f3n con las entidades conectadas.<\/p>\n<p><strong>DERECHO DE EXCLUSI\u00d3N<\/strong>: la Cofrad\u00eda se reserva el derecho a denegar o retirar el acceso a su sitio web corporativo y\/o los servicios ofrecidos sin necesidad de preaviso, a instancia propia o de un tercero, a aquellos usuarios que incumplan las presentes Condiciones Generales de Uso.<\/p>\n<p><strong>GENERALIDADES<\/strong>: la Cofrad\u00eda perseguir\u00e1 el incumplimiento de las presentes condiciones as\u00ed como cualquier utilizaci\u00f3n indebida de su sitio web corporativo, ejerciendo todas las acciones civiles y penales que le puedan corresponder en derecho.<\/p>\n<p><strong>MODIFICACI\u00d3N DE LAS PRESENTES CONDICIONES Y DURACI\u00d3N<\/strong>: la Cofrad\u00eda podr\u00e1 modificar en cualquier momento las condiciones aqu\u00ed determinadas, siendo debidamente publicadas como aqu\u00ed aparecen. La vigencia de las citadas condiciones ir\u00e1 en funci\u00f3n de su exposici\u00f3n y estar\u00e1n vigentes hasta que sean modificadas por otras debidamente publicadas.<\/p>\n<p><strong>LEGISLACI\u00d3N APLICABLE Y JURISDICCI\u00d3N<\/strong>: La relaci\u00f3n entre la Cofrad\u00eda y el USUARIO se regir\u00e1 por la normativa espa\u00f1ola vigente y cualquier controversia se someter\u00e1 a los Juzgados y tribunales de la ciudad de Pontevedra \u2013 Pontevedra.<\/p>","protected":false},"excerpt":{"rendered":"<p>CONDICIONES GENERALES DE USO DATOS IDENTIFICATIVOS En cumplimiento con el deber de informaci\u00f3n recogido en el art\u00edculo 10 de la Ley 34\/2002, de 11 de julio, de Servicios de la Sociedad de la Informaci\u00f3n y del Comercio Electr\u00f3nico, a continuaci\u00f3n se reflejan los siguientes datos: la entidad titular de este \u201csitio web\u201d es la \u201cCofrad\u00eda [&hellip;]<\/p>\n","protected":false},"author":1,"featured_media":0,"parent":0,"menu_order":0,"comment_status":"open","ping_status":"open","template":"","meta":{"footnotes":""},"class_list":["post-89","page","type-page","status-publish","hentry"],"_links":{"self":[{"href":"https:\/\/polbodasrias.com\/es\/wp-json\/wp\/v2\/pages\/89","targetHints":{"allow":["GET"]}}],"collection":[{"href":"https:\/\/polbodasrias.com\/es\/wp-json\/wp\/v2\/pages"}],"about":[{"href":"https:\/\/polbodasrias.com\/es\/wp-json\/wp\/v2\/types\/page"}],"author":[{"embeddable":true,"href":"https:\/\/polbodasrias.com\/es\/wp-json\/wp\/v2\/users\/1"}],"replies":[{"embeddable":true,"href":"https:\/\/polbodasrias.com\/es\/wp-json\/wp\/v2\/comments?post=89"}],"version-history":[{"count":31,"href":"https:\/\/polbodasrias.com\/es\/wp-json\/wp\/v2\/pages\/89\/revisions"}],"predecessor-version":[{"id":102,"href":"https:\/\/polbodasrias.com\/es\/wp-json\/wp\/v2\/pages\/89\/revisions\/102"}],"wp:attachment":[{"href":"https:\/\/polbodasrias.com\/es\/wp-json\/wp\/v2\/media?parent=89"}],"curies":[{"name":"wp","href":"https:\/\/api.w.org\/{rel}","templated":true}]}}